{"id":46,"date":"2022-08-24T20:15:51","date_gmt":"2022-08-24T20:15:51","guid":{"rendered":"https:\/\/www.przyjaciolmkola.pl\/?page_id=46"},"modified":"2022-09-16T20:27:35","modified_gmt":"2022-09-16T20:27:35","slug":"tworz-swoja-witryne-za-pomoca-blokow","status":"publish","type":"page","link":"https:\/\/www.przyjaciolmkola.pl\/","title":{"rendered":"Nienazwane"},"content":{"rendered":"\n<div class=\"wp-block-columns alignwide are-vertically-aligned-center is-style-twentytwentyone-columns-overlap has-background is-layout-flex wp-container-core-columns-is-layout-9d6595d7 wp-block-columns-is-layout-flex\" style=\"background-color:#d2e08b\">\n<div class=\"wp-block-column is-vertically-aligned-center is-layout-flow wp-block-column-is-layout-flow\">\n<figure class=\"wp-block-image size-large is-resized\"><img loading=\"lazy\" decoding=\"async\" src=\"https:\/\/www.przyjaciolmkola.pl\/wp-content\/uploads\/2022\/09\/dzien-otwartej-wiezy-edited-1.png\" alt=\"\" class=\"wp-image-170\" width=\"641\" height=\"641\" srcset=\"https:\/\/www.przyjaciolmkola.pl\/wp-content\/uploads\/2022\/09\/dzien-otwartej-wiezy-edited-1.png 780w, https:\/\/www.przyjaciolmkola.pl\/wp-content\/uploads\/2022\/09\/dzien-otwartej-wiezy-edited-1-300x300.png 300w, https:\/\/www.przyjaciolmkola.pl\/wp-content\/uploads\/2022\/09\/dzien-otwartej-wiezy-edited-1-150x150.png 150w, https:\/\/www.przyjaciolmkola.pl\/wp-content\/uploads\/2022\/09\/dzien-otwartej-wiezy-edited-1-768x768.png 768w\" sizes=\"auto, (max-width: 641px) 100vw, 641px\" \/><figcaption>Ratusz Miejski w Kole<\/figcaption><\/figure>\n<\/div>\n\n\n\n<div class=\"wp-block-column is-vertically-aligned-center is-layout-flow wp-block-column-is-layout-flow\">\n<h2 class=\"has-black-color has-text-color has-background wp-block-heading\" style=\"background-color:#d2e08b\">Kim jeste\u015bmy?<\/h2>\n\n\n\n<p class=\"has-black-color has-text-color has-background\" style=\"background-color:#d2e08b\">Stowarzyszenie Przyjaci\u00f3\u0142 Miasta Ko\u0142a n\/Wart\u0105 (SPMKnW) zosta\u0142o zorganizowane w 2007 roku. Sta\u0142o si\u0119 kontynuatorem dzia\u0142a\u0144 wcze\u015bniej istniej\u0105cego Towarzystwa Przyjaci\u00f3\u0142 Miasta Ko\u0142a. Od 2011 siedziba stowarzyszenia znajduje si\u0119 w Ratuszu Miejskim przy ul. Stary Rynek 1 (pok\u00f3j 204-205), w kt\u00f3rym jest biuro stowarzyszenia i biblioteczka wydawnictw regionalnych. Stowarzyszenie od wielu lat wsp\u00f3\u0142pracuje z samorz\u0105dem miejskim i powiatowym, plac\u00f3wkami kultury, szko\u0142ami, stowarzyszeniami kultury, regionalistami, organizuj\u0105c wsp\u00f3lnie sesje naukowe i popularnonaukowe, odczyty, wystawy, koncerty, wycieczki turystyczno-krajoznawcze, czy te\u017c wydaj\u0105c publikacje.<\/p>\n\n\n\n<div class=\"wp-block-buttons is-content-justification-right is-layout-flex wp-container-core-buttons-is-layout-765c4724 wp-block-buttons-is-layout-flex\">\n<div class=\"wp-block-button\"><a class=\"wp-block-button__link has-black-color has-white-background-color has-text-color has-background\" href=\"https:\/\/www.przyjaciolmkola.pl\/index.php\/informacje\/\" style=\"border-radius:10px\">Zobacz wi\u0119cej&#8230;<\/a><\/div>\n<\/div>\n<\/div>\n<\/div>\n","protected":false},"excerpt":{"rendered":"<p>Kim jeste\u015bmy? Stowarzyszenie Przyjaci\u00f3\u0142 Miasta Ko\u0142a n\/Wart\u0105 (SPMKnW) zosta\u0142o zorganizowane w 2007 roku. Sta\u0142o si\u0119 kontynuatorem dzia\u0142a\u0144 wcze\u015bniej istniej\u0105cego Towarzystwa Przyjaci\u00f3\u0142 Miasta Ko\u0142a. Od 2011 siedziba stowarzyszenia znajduje si\u0119 w Ratuszu Miejskim przy ul. Stary Rynek 1 (pok\u00f3j 204-205), w kt\u00f3rym jest biuro stowarzyszenia i biblioteczka wydawnictw regionalnych. Stowarzyszenie od wielu lat wsp\u00f3\u0142pracuje z samorz\u0105dem&hellip; <a class=\"more-link\" href=\"https:\/\/www.przyjaciolmkola.pl\/\">Czytaj dalej <span class=\"screen-reader-text\">Nienazwane<\/span><\/a><\/p>\n","protected":false},"author":1,"featured_media":0,"parent":0,"menu_order":0,"comment_status":"closed","ping_status":"closed","template":"","meta":{"footnotes":""},"class_list":["post-46","page","type-page","status-publish","hentry","entry"],"_links":{"self":[{"href":"https:\/\/www.przyjaciolmkola.pl\/index.php\/wp-json\/wp\/v2\/pages\/46","targetHints":{"allow":["GET"]}}],"collection":[{"href":"https:\/\/www.przyjaciolmkola.pl\/index.php\/wp-json\/wp\/v2\/pages"}],"about":[{"href":"https:\/\/www.przyjaciolmkola.pl\/index.php\/wp-json\/wp\/v2\/types\/page"}],"author":[{"embeddable":true,"href":"https:\/\/www.przyjaciolmkola.pl\/index.php\/wp-json\/wp\/v2\/users\/1"}],"replies":[{"embeddable":true,"href":"https:\/\/www.przyjaciolmkola.pl\/index.php\/wp-json\/wp\/v2\/comments?post=46"}],"version-history":[{"count":7,"href":"https:\/\/www.przyjaciolmkola.pl\/index.php\/wp-json\/wp\/v2\/pages\/46\/revisions"}],"predecessor-version":[{"id":177,"href":"https:\/\/www.przyjaciolmkola.pl\/index.php\/wp-json\/wp\/v2\/pages\/46\/revisions\/177"}],"wp:attachment":[{"href":"https:\/\/www.przyjaciolmkola.pl\/index.php\/wp-json\/wp\/v2\/media?parent=46"}],"curies":[{"name":"wp","href":"https:\/\/api.w.org\/{rel}","templated":true}]}}