{"id":47,"date":"2022-08-24T20:15:51","date_gmt":"2022-08-24T20:15:51","guid":{"rendered":"https:\/\/www.przyjaciolmkola.pl\/?page_id=47"},"modified":"2022-09-16T19:40:58","modified_gmt":"2022-09-16T19:40:58","slug":"informacje","status":"publish","type":"page","link":"https:\/\/www.przyjaciolmkola.pl\/index.php\/informacje\/","title":{"rendered":"HISTORIA I W\u0141ADZE STOWARZYSZENIA"},"content":{"rendered":"\n<div class=\"wp-block-group has-background is-vertical is-layout-flex wp-container-core-group-is-layout-8cf370e7 wp-block-group-is-layout-flex\" style=\"background-color:#28303d8f\">\n<p>Komitet Za\u0142o\u017cycielski SPMK n. Wart\u0105 powsta\u0142 w 2006 r., chc\u0105c wype\u0142ni\u0107 luk\u0119, jaka powsta\u0142a po samorozwi\u0105zaniu si\u0119 TPMK. Na wniosek tego\u017c Komitetu Za\u0142o\u017cycielskiego, reprezentowanego przez sze\u015b\u0107 os\u00f3b: Alin\u0119 Fr\u0105tczak, Roberta Jokiela, Kazimierza Kasperkiewicza, Antoniego Koligota, Grzegorza Mokrzyckiego i Stefani\u0119 Sk\u0105psk\u0105, S\u0105d Rejonowy w Poznaniu zarejestrowa\u0142 Stowarzyszenie 18 stycznia 2007 r.<\/p>\n\n\n\n<p>Po opracowaniu statutu i przes\u0142aniu do Poznania odpowiedniej dokumentacji SPMK n. Wart\u0105 otrzyma\u0142o w tym\u017ce 2007 r. nr rejestracyjny KRS: 0000271961. Uzyskali\u015bmy nr REGON, za\u0142o\u017cyli\u015bmy konto bankowe oraz otrzymali\u015bmy NIP. Wed\u0142ug statutu, Stowarzyszenie prowadzi sw\u0105 dzia\u0142alno\u015b\u0107 zgodnie z ustaw\u0105 Prawo o stowarzyszeniach oraz innymi przepisami prawnymi. Jego dzia\u0142alno\u015b\u0107 opiera si\u0119 na pracy spo\u0142ecznej og\u00f3\u0142u cz\u0142onk\u00f3w, \u017cywo zainteresowanych tradycj\u0105, dniem dzisiejszym i przysz\u0142o\u015bci\u0105 miasta Ko\u0142a.<\/p>\n\n\n\n<p>Organami Stowarzyszenia s\u0105: walne zebranie, zarz\u0105d, komisja rewizyjna i s\u0105d kole\u017ce\u0144ski. Ich kadencja trwa 4 lata. Zarz\u0105d wybierany jest przez walne zgromadzenie, kt\u00f3re jest najwy\u017csz\u0105 w\u0142adz\u0105 Stowarzyszenia.<\/p>\n\n\n\n<p>Wed\u0142ug \u00a7 1 art. 10 rozdzia\u0142u II statutu celem Stowarzyszenia jest: <\/p>\n\n\n\n<ul class=\"wp-block-list\"><li>kultywowanie tradycji miasta nad Wart\u0105 oraz propagowanie w\u015br\u00f3d spo\u0142ecze\u0144stwa informacji o tradycjach i historii miasta Ko\u0142a,<\/li><li>integrowanie spo\u0142eczno\u015bci lokalnej miasta Ko\u0142a w dzia\u0142aniach na rzecz i dla dobra miasta Ko\u0142a,<\/li><li>pog\u0142\u0119bianie patriotyzmu lokalnego, troski o obecne i przysz\u0142e losy miasta, a tak\u017ce opiek\u0119 nad zabytkami w naszym mie\u015bcie,<\/li><li>promowanie miasta Ko\u0142a na zewn\u0105trz,<\/li><li>wsp\u00f3\u0142dzia\u0142anie z innymi stowarzyszeniami dzia\u0142aj\u0105cymi na terenie ko\u0142a,<\/li><li>pozyskiwanie \u015brodk\u00f3w materialnych na statutow\u0105 dzia\u0142alno\u015b\u0107 Stowarzyszenia.<\/li><\/ul>\n<\/div>\n","protected":false},"excerpt":{"rendered":"<p>Komitet Za\u0142o\u017cycielski SPMK n. Wart\u0105 powsta\u0142 w 2006 r., chc\u0105c wype\u0142ni\u0107 luk\u0119, jaka powsta\u0142a po samorozwi\u0105zaniu si\u0119 TPMK. Na wniosek tego\u017c Komitetu Za\u0142o\u017cycielskiego, reprezentowanego przez sze\u015b\u0107 os\u00f3b: Alin\u0119 Fr\u0105tczak, Roberta Jokiela, Kazimierza Kasperkiewicza, Antoniego Koligota, Grzegorza Mokrzyckiego i Stefani\u0119 Sk\u0105psk\u0105, S\u0105d Rejonowy w Poznaniu zarejestrowa\u0142 Stowarzyszenie 18 stycznia 2007 r. Po opracowaniu statutu i przes\u0142aniu&hellip; <a class=\"more-link\" href=\"https:\/\/www.przyjaciolmkola.pl\/index.php\/informacje\/\">Czytaj dalej <span class=\"screen-reader-text\">HISTORIA I W\u0141ADZE STOWARZYSZENIA<\/span><\/a><\/p>\n","protected":false},"author":1,"featured_media":0,"parent":0,"menu_order":0,"comment_status":"closed","ping_status":"closed","template":"","meta":{"footnotes":""},"class_list":["post-47","page","type-page","status-publish","hentry","entry"],"_links":{"self":[{"href":"https:\/\/www.przyjaciolmkola.pl\/index.php\/wp-json\/wp\/v2\/pages\/47","targetHints":{"allow":["GET"]}}],"collection":[{"href":"https:\/\/www.przyjaciolmkola.pl\/index.php\/wp-json\/wp\/v2\/pages"}],"about":[{"href":"https:\/\/www.przyjaciolmkola.pl\/index.php\/wp-json\/wp\/v2\/types\/page"}],"author":[{"embeddable":true,"href":"https:\/\/www.przyjaciolmkola.pl\/index.php\/wp-json\/wp\/v2\/users\/1"}],"replies":[{"embeddable":true,"href":"https:\/\/www.przyjaciolmkola.pl\/index.php\/wp-json\/wp\/v2\/comments?post=47"}],"version-history":[{"count":5,"href":"https:\/\/www.przyjaciolmkola.pl\/index.php\/wp-json\/wp\/v2\/pages\/47\/revisions"}],"predecessor-version":[{"id":167,"href":"https:\/\/www.przyjaciolmkola.pl\/index.php\/wp-json\/wp\/v2\/pages\/47\/revisions\/167"}],"wp:attachment":[{"href":"https:\/\/www.przyjaciolmkola.pl\/index.php\/wp-json\/wp\/v2\/media?parent=47"}],"curies":[{"name":"wp","href":"https:\/\/api.w.org\/{rel}","templated":true}]}}