{"id":48,"date":"2022-08-24T20:15:51","date_gmt":"2022-08-24T20:15:51","guid":{"rendered":"https:\/\/www.przyjaciolmkola.pl\/?page_id=48"},"modified":"2023-03-14T22:45:50","modified_gmt":"2023-03-14T22:45:50","slug":"kontakt","status":"publish","type":"page","link":"https:\/\/www.przyjaciolmkola.pl\/index.php\/kontakt\/","title":{"rendered":"Kontakt"},"content":{"rendered":"\n<div class=\"wp-block-group has-background is-vertical is-layout-flex wp-container-core-group-is-layout-8cf370e7 wp-block-group-is-layout-flex\" style=\"background-color:#28303d8f\">\n<p>Stowarzyszenie Przyjaci\u00f3\u0142 Miasta Ko\u0142a n\/Wart\u0105<br>ul. Stary Rynek 1\/204<br>62-600 Ko\u0142o<br>NIP 6662042905<\/p>\n\n\n\n<p>Konto bankowe<br>LBS w Strza\u0142kowie Oddzia\u0142 w Kole<br>51 8543 0000 2005 4502 6306 0001 <\/p>\n\n\n\n<hr class=\"wp-block-separator has-alpha-channel-opacity\"\/>\n\n\n\n<p>Prezes Aleksandra Kowalska &#8211; 512 966 548<\/p>\n\n\n\n<p>Wiceprezes Tomasz Nuszkiewicz &#8211; 516 061 613<\/p>\n\n\n\n<p>Skarbnik Krystyna Oblizajek &#8211; 693 888 057<\/p>\n\n\n\n<hr class=\"wp-block-separator has-alpha-channel-opacity\"\/>\n\n\n\n<p>spmknw@wp.pl <\/p>\n\n\n\n<ul class=\"wp-block-social-links has-small-icon-size is-content-justification-left is-layout-flex wp-container-core-social-links-is-layout-fdcfc74e wp-block-social-links-is-layout-flex\"><li class=\"wp-social-link wp-social-link-facebook  wp-block-social-link\"><a href=\"https:\/\/www.facebook.com\/spmknw\" class=\"wp-block-social-link-anchor\"><svg width=\"24\" height=\"24\" viewBox=\"0 0 24 24\" version=\"1.1\" xmlns=\"http:\/\/www.w3.org\/2000\/svg\" aria-hidden=\"true\" focusable=\"false\"><path d=\"M12 2C6.5 2 2 6.5 2 12c0 5 3.7 9.1 8.4 9.9v-7H7.9V12h2.5V9.8c0-2.5 1.5-3.9 3.8-3.9 1.1 0 2.2.2 2.2.2v2.5h-1.3c-1.2 0-1.6.8-1.6 1.6V12h2.8l-.4 2.9h-2.3v7C18.3 21.1 22 17 22 12c0-5.5-4.5-10-10-10z\"><\/path><\/svg><span class=\"wp-block-social-link-label screen-reader-text\">Facebook<\/span><\/a><\/li><\/ul>\n<\/div>\n\n\n\n<center><iframe src=\"https:\/\/www.google.com\/maps\/embed?pb=!1m18!1m12!1m3!1d2445.7493759194335!2d18.63038251588482!3d52.19342816813179!2m3!1f0!2f0!3f0!3m2!1i1024!2i768!4f13.1!3m3!1m2!1s0x471b158c2505ddb1%3A0x3dca7be4c1122e09!2sStowarzyszenie%20Przyjaci%C3%B3%C5%82%20Miasta%20Ko%C5%82a%20nad%20Wart%C4%85!5e0!3m2!1spl!2spl!4v1662402980177!5m2!1spl!2spl\" width=\"1000\" height=\"400\" style=\"border:0;\" allowfullscreen=\"\" loading=\"lazy\" referrerpolicy=\"no-referrer-when-downgrade\"><\/iframe><\/center>\n","protected":false},"excerpt":{"rendered":"<p>Stowarzyszenie Przyjaci\u00f3\u0142 Miasta Ko\u0142a n\/Wart\u0105ul. Stary Rynek 1\/20462-600 Ko\u0142oNIP 6662042905 Konto bankoweLBS w Strza\u0142kowie Oddzia\u0142 w Kole51 8543 0000 2005 4502 6306 0001 Prezes Aleksandra Kowalska &#8211; 512 966 548 Wiceprezes Tomasz Nuszkiewicz &#8211; 516 061 613 Skarbnik Krystyna Oblizajek &#8211; 693 888 057 spmknw@wp.pl<\/p>\n","protected":false},"author":1,"featured_media":0,"parent":0,"menu_order":0,"comment_status":"closed","ping_status":"closed","template":"","meta":{"footnotes":""},"class_list":["post-48","page","type-page","status-publish","hentry","entry"],"_links":{"self":[{"href":"https:\/\/www.przyjaciolmkola.pl\/index.php\/wp-json\/wp\/v2\/pages\/48","targetHints":{"allow":["GET"]}}],"collection":[{"href":"https:\/\/www.przyjaciolmkola.pl\/index.php\/wp-json\/wp\/v2\/pages"}],"about":[{"href":"https:\/\/www.przyjaciolmkola.pl\/index.php\/wp-json\/wp\/v2\/types\/page"}],"author":[{"embeddable":true,"href":"https:\/\/www.przyjaciolmkola.pl\/index.php\/wp-json\/wp\/v2\/users\/1"}],"replies":[{"embeddable":true,"href":"https:\/\/www.przyjaciolmkola.pl\/index.php\/wp-json\/wp\/v2\/comments?post=48"}],"version-history":[{"count":9,"href":"https:\/\/www.przyjaciolmkola.pl\/index.php\/wp-json\/wp\/v2\/pages\/48\/revisions"}],"predecessor-version":[{"id":208,"href":"https:\/\/www.przyjaciolmkola.pl\/index.php\/wp-json\/wp\/v2\/pages\/48\/revisions\/208"}],"wp:attachment":[{"href":"https:\/\/www.przyjaciolmkola.pl\/index.php\/wp-json\/wp\/v2\/media?parent=48"}],"curies":[{"name":"wp","href":"https:\/\/api.w.org\/{rel}","templated":true}]}}