{"id":68,"date":"2022-08-24T20:34:54","date_gmt":"2022-08-24T20:34:54","guid":{"rendered":"https:\/\/www.przyjaciolmkola.pl\/?page_id=68"},"modified":"2022-09-21T14:45:46","modified_gmt":"2022-09-21T14:45:46","slug":"zostan-przyjacielem","status":"publish","type":"page","link":"https:\/\/www.przyjaciolmkola.pl\/index.php\/zostan-przyjacielem\/","title":{"rendered":"Zosta\u0144 Przyjacielem"},"content":{"rendered":"\n<div class=\"wp-block-group has-background\" style=\"background-color:#28303d8f\"><div class=\"wp-block-group__inner-container is-layout-flow wp-block-group-is-layout-flow\">\n<p>Cz\u0142onkinie i cz\u0142onkowie mog\u0105 w\u0142\u0105cza\u0107 si\u0119 w dzia\u0142ania stowarzyszenia:<br>&#8211; Kwesta Cmentarna,<br>&#8211; Impreza \u015awi\u0119toja\u0144ska,<br>&#8211; Dzie\u0144 Otwartej Wie\u017cy.<\/p>\n\n\n\n<p>Wreszcie, cz\u0142onkowie spotykaj\u0105 si\u0119 przy okazji organizowanych przez stowarzyszenie imprez okoliczno\u015bciowych i wyjazd\u00f3w. To \u015bwietna okazja, by zawrze\u0107 nowe znajomo\u015bci i pobawi\u0107 si\u0119 we wsp\u00f3lnym gronie.<\/p>\n\n\n\n<h2 class=\"wp-block-heading\">Sk\u0142adka cz\u0142onkowska<\/h2>\n\n\n\n<p>Cz\u0142onkowie sk\u0142adaj\u0105 si\u0119 na dzia\u0142alno\u015b\u0107 Stowarzyszenia. Sk\u0142adka roczna i mo\u017ce by\u0107 wp\u0142acana przelewem na konto lub przy okazji spotka\u0144 cz\u0142onk\u00f3w.<\/p>\n\n\n\n<h3 class=\"wp-block-heading\">Chcesz do\u0142\u0105czy\u0107 do naszego grona. Zapraszamy! Wype\u0142nij i prze\u015blij do nas deklaracj\u0119 cz\u0142onkowsk\u0105 (PDF)<\/h3>\n<\/div><\/div>\n","protected":false},"excerpt":{"rendered":"<p>Cz\u0142onkinie i cz\u0142onkowie mog\u0105 w\u0142\u0105cza\u0107 si\u0119 w dzia\u0142ania stowarzyszenia:&#8211; Kwesta Cmentarna,&#8211; Impreza \u015awi\u0119toja\u0144ska,&#8211; Dzie\u0144 Otwartej Wie\u017cy. Wreszcie, cz\u0142onkowie spotykaj\u0105 si\u0119 przy okazji organizowanych przez stowarzyszenie imprez okoliczno\u015bciowych i wyjazd\u00f3w. To \u015bwietna okazja, by zawrze\u0107 nowe znajomo\u015bci i pobawi\u0107 si\u0119 we wsp\u00f3lnym gronie. Sk\u0142adka cz\u0142onkowska Cz\u0142onkowie sk\u0142adaj\u0105 si\u0119 na dzia\u0142alno\u015b\u0107 Stowarzyszenia. Sk\u0142adka roczna i mo\u017ce by\u0107&hellip; <a class=\"more-link\" href=\"https:\/\/www.przyjaciolmkola.pl\/index.php\/zostan-przyjacielem\/\">Czytaj dalej <span class=\"screen-reader-text\">Zosta\u0144 Przyjacielem<\/span><\/a><\/p>\n","protected":false},"author":1,"featured_media":0,"parent":0,"menu_order":0,"comment_status":"closed","ping_status":"closed","template":"","meta":{"footnotes":""},"class_list":["post-68","page","type-page","status-publish","hentry","entry"],"_links":{"self":[{"href":"https:\/\/www.przyjaciolmkola.pl\/index.php\/wp-json\/wp\/v2\/pages\/68","targetHints":{"allow":["GET"]}}],"collection":[{"href":"https:\/\/www.przyjaciolmkola.pl\/index.php\/wp-json\/wp\/v2\/pages"}],"about":[{"href":"https:\/\/www.przyjaciolmkola.pl\/index.php\/wp-json\/wp\/v2\/types\/page"}],"author":[{"embeddable":true,"href":"https:\/\/www.przyjaciolmkola.pl\/index.php\/wp-json\/wp\/v2\/users\/1"}],"replies":[{"embeddable":true,"href":"https:\/\/www.przyjaciolmkola.pl\/index.php\/wp-json\/wp\/v2\/comments?post=68"}],"version-history":[{"count":4,"href":"https:\/\/www.przyjaciolmkola.pl\/index.php\/wp-json\/wp\/v2\/pages\/68\/revisions"}],"predecessor-version":[{"id":184,"href":"https:\/\/www.przyjaciolmkola.pl\/index.php\/wp-json\/wp\/v2\/pages\/68\/revisions\/184"}],"wp:attachment":[{"href":"https:\/\/www.przyjaciolmkola.pl\/index.php\/wp-json\/wp\/v2\/media?parent=68"}],"curies":[{"name":"wp","href":"https:\/\/api.w.org\/{rel}","templated":true}]}}